{"id":5217,"date":"2025-02-03T20:59:59","date_gmt":"2025-02-03T19:59:59","guid":{"rendered":"https:\/\/bb-valle-del-fino.local\/buchen\/"},"modified":"2025-02-11T16:51:24","modified_gmt":"2025-02-11T15:51:24","slug":"buchen","status":"publish","type":"page","link":"https:\/\/bb-valle-del-fino.com\/de\/buchen\/","title":{"rendered":"Buchen"},"content":{"rendered":"\t\t<div data-elementor-type=\"wp-page\" data-elementor-id=\"5217\" class=\"elementor elementor-5217 elementor-4308\" data-elementor-post-type=\"page\">\n\t\t\t\t<section class=\"elementor-element elementor-element-a85d38f pad-section--m e-flex e-con-boxed e-con e-parent\" data-id=\"a85d38f\" data-element_type=\"container\" data-e-type=\"container\" data-settings=\"{&quot;jet_parallax_layout_list&quot;:[],&quot;background_background&quot;:&quot;gradient&quot;}\">\n\t\t\t\t\t<div class=\"e-con-inner\">\n\t\t\t\t<div class=\"elementor-element elementor-element-80f1e38 elementor-widget__width-inherit animated-fast elementor-invisible elementor-widget elementor-widget-heading\" data-id=\"80f1e38\" data-element_type=\"widget\" data-e-type=\"widget\" data-settings=\"{&quot;_animation&quot;:&quot;zoomInRight&quot;,&quot;_animation_tablet&quot;:&quot;none&quot;}\" data-widget_type=\"heading.default\">\n\t\t\t\t<div class=\"elementor-widget-container\">\n\t\t\t\t\t<h2 class=\"elementor-heading-title elementor-size-default\">Ihr <span class=\"secondary-font\">Traumaufenthalt<\/span> in Italien erwartet Sie<\/h2>\t\t\t\t<\/div>\n\t\t\t\t<\/div>\n\t\t\t\t<div class=\"elementor-element elementor-element-b8b8652 animated-fast elementor-invisible elementor-widget elementor-widget-text-editor\" data-id=\"b8b8652\" data-element_type=\"widget\" data-e-type=\"widget\" data-settings=\"{&quot;_animation&quot;:&quot;fadeInUp&quot;,&quot;_animation_tablet&quot;:&quot;none&quot;,&quot;_animation_delay&quot;:200}\" data-widget_type=\"text-editor.default\">\n\t\t\t\t<div class=\"elementor-widget-container\">\n\t\t\t\t\t\t\t\t\t<p>Wir hei\u00dfen Sie herzlich in unserem B&amp;B willkommen.<br \/><span style=\"font-family: -apple-system, BlinkMacSystemFont, 'Segoe UI', Roboto, 'Helvetica Neue', Arial, 'Noto Sans', sans-serif, 'Apple Color Emoji', 'Segoe UI Emoji', 'Segoe UI Symbol', 'Noto Color Emoji';\">F\u00fcllen Sie das Formular aus und buchen Sie Ihren Aufenthalt in den wundersch\u00f6nen Abruzzen.<\/span><\/p>\n\t\t\t\t\t\t\t\t<\/div>\n\t\t\t\t<\/div>\n\t\t\t\t<div class=\"elementor-element elementor-element-7f9d448 animated-fast elementor-invisible elementor-widget elementor-widget-jet-form-builder-form\" data-id=\"7f9d448\" data-element_type=\"widget\" data-e-type=\"widget\" data-settings=\"{&quot;_animation&quot;:&quot;fadeInUp&quot;,&quot;_animation_tablet&quot;:&quot;none&quot;,&quot;_animation_delay&quot;:200}\" data-widget_type=\"jet-form-builder-form.default\">\n\t\t\t\t<div class=\"elementor-widget-container\">\n\t\t\t\t\t<link rel='stylesheet' id='wp-block-library-css' href='https:\/\/bb-valle-del-fino.com\/cms\/wp-includes\/css\/dist\/block-library\/style.min.css?ver=6.9.4' media='all' \/>\n<style id=\"jet-form-builder-5184-inline-css\"><\/style><form  class=\"jet-form-builder layout-column submit-type-reload\" action=\"https:\/\/bb-valle-del-fino.com\/de\/wp-json\/wp\/v2\/pages\/5217\/?J47RvR=rzYFIkCEM4&amp;method=reload\" method=\"POST\" data-form-id=\"5184\" data-layout=\"column\" enctype=\"multipart\/form-data\" novalidate=\"null\" ssr_validation_method=\"rest\">\r\n<input type=\"hidden\" name=\"_jfb_current_render_states[]\" value=\"DEFAULT.STATE\" data-jfb-sync \/><input type=\"hidden\" class=\"jet-form-builder__field hidden-field\" name=\"_jet_engine_booking_form_id\" data-field-name=\"_jet_engine_booking_form_id\" value=\"5184\">\n<input type=\"hidden\" class=\"jet-form-builder__field hidden-field\" name=\"_jet_engine_refer\" data-field-name=\"_jet_engine_refer\" value=\"https:\/\/bb-valle-del-fino.com\/de\/wp-json\/wp\/v2\/pages\/5217\/\">\n<input type=\"hidden\" class=\"jet-form-builder__field hidden-field\" name=\"__queried_post_id\" data-field-name=\"__queried_post_id\" value=\"5217\">\n\n<div class=\"wp-block-columns is-layout-flex wp-container-core-columns-is-layout-28f84493 wp-block-columns-is-layout-flex\">\n<div class=\"wp-block-column is-layout-flow wp-block-column-is-layout-flow\"><div  class=\"jet-form-builder-row field-type-date-field\" >\n<div class=\"jet-form-builder__label\">\r\n<div class=\"jet-form-builder__label-text\">Ankunft<\/div><\/div><input class=\"jet-form-builder__field date-field\" name=\"date_checkin\" type=\"date\" data-field-name=\"date_checkin\" id=\"date_checkin\" data-jfb-sync=\"null\">\n<\/div><\/div>\n\n\n\n<div class=\"wp-block-column is-layout-flow wp-block-column-is-layout-flow\"><div  data-value=\"[{&quot;id&quot;:8751,&quot;conditions&quot;:[{&quot;__visible&quot;:true,&quot;field&quot;:&quot;date_checkin&quot;,&quot;operator&quot;:&quot;greater&quot;,&quot;value&quot;:&quot;&#039;%date_checkout%&#039;&quot;}],&quot;to_set&quot;:&quot;&#039;%date_checkin%&#039;&quot;,&quot;frequency&quot;:&quot;always&quot;}]\" class=\"jet-form-builder-row field-type-date-field\" >\n<div class=\"jet-form-builder__label\">\r\n<div class=\"jet-form-builder__label-text\">Abfahrt<\/div><\/div><input class=\"jet-form-builder__field date-field\" name=\"date_checkout\" type=\"date\" data-field-name=\"date_checkout\" id=\"date_checkout\" data-jfb-sync=\"null\">\n<\/div><\/div>\n<\/div>\n\n\n\n<div class=\"wp-block-columns is-layout-flex wp-container-core-columns-is-layout-28f84493 wp-block-columns-is-layout-flex\">\n<div class=\"wp-block-column is-layout-flow wp-block-column-is-layout-flow\"><div  class=\"jet-form-builder-row field-type-select-field wp-block-jet-forms-select-field\">\n<div class=\"jet-form-builder__label\">\r\n<div class=\"jet-form-builder__label-text\">Anzahl Personen<\/div><\/div><div class=\"jet-form-builder__field-wrap\">\n\t<select class=\"jet-form-builder__field select-field\" name=\"guests_amount\" data-field-name=\"guests_amount\" id=\"guests_amount\" data-jfb-sync=\"null\">\n\t\t<option value=\"1\" >1<\/option><option value=\"2\" >2<\/option><option value=\"3\" >3<\/option><option value=\"4\" >4<\/option><option value=\"5\" >5<\/option><option value=\"6\" >6<\/option><option value=\"7\" >7<\/option><option value=\"8\" >8<\/option><option value=\"9\" >9<\/option><option value=\"10\" >10<\/option>\t<\/select>\n<\/div>\n<\/div><\/div>\n\n\n\n<div class=\"wp-block-column is-layout-flow wp-block-column-is-layout-flow\"><\/div>\n<\/div>\n\n\n\n<div class=\"wp-block-columns is-layout-flex wp-container-core-columns-is-layout-28f84493 wp-block-columns-is-layout-flex\">\n<div class=\"wp-block-column is-layout-flow wp-block-column-is-layout-flow\"><div  class=\"jet-form-builder-row field-type-text-field\" >\n<div class=\"jet-form-builder__label\">\r\n<div class=\"jet-form-builder__label-text\">Vorname<\/div><\/div><div class=\"jet-form-builder__field-wrap\">\n\t\t\t\t<input name=\"firstname\" id=\"firstname\" type=\"text\" data-field-name=\"firstname\" class=\"jet-form-builder__field text-field\" data-jfb-sync=\"null\" autocomplete=\"off_seoiDZnB\">\n\t\t\t\t\t<\/div>\n<\/div><\/div>\n\n\n\n<div class=\"wp-block-column is-layout-flow wp-block-column-is-layout-flow\"><div  class=\"jet-form-builder-row field-type-text-field\" >\n<div class=\"jet-form-builder__label\">\r\n<div class=\"jet-form-builder__label-text\">Nachname<\/div><\/div><div class=\"jet-form-builder__field-wrap\">\n\t\t\t\t<input name=\"lastname\" id=\"lastname\" type=\"text\" data-field-name=\"lastname\" class=\"jet-form-builder__field text-field\" data-jfb-sync=\"null\" autocomplete=\"off_kXjKYDm6\">\n\t\t\t\t\t<\/div>\n<\/div><\/div>\n<\/div>\n\n\n\n<div class=\"wp-block-columns is-layout-flex wp-container-core-columns-is-layout-28f84493 wp-block-columns-is-layout-flex\">\n<div class=\"wp-block-column is-layout-flow wp-block-column-is-layout-flow\"><div  class=\"jet-form-builder-row field-type-text-field\" >\n<div class=\"jet-form-builder__label\">\r\n<div class=\"jet-form-builder__label-text\">E-Mail <span class=\"jet-form-builder__required\">*<\/span><\/div><\/div><div class=\"jet-form-builder__field-wrap\">\n\t\t\t\t<input required=\"required\" name=\"email\" id=\"email\" type=\"text\" data-field-name=\"email\" class=\"jet-form-builder__field text-field\" data-jfb-sync=\"null\" autocomplete=\"off_tO1hyVAG\">\n\t\t\t\t\t<\/div>\n<\/div><\/div>\n\n\n\n<div class=\"wp-block-column is-layout-flow wp-block-column-is-layout-flow\"><div  class=\"jet-form-builder-row field-type-text-field\" >\n<div class=\"jet-form-builder__label\">\r\n<div class=\"jet-form-builder__label-text\">Telefon<\/div><\/div><div class=\"jet-form-builder__field-wrap\">\n\t\t\t\t<input name=\"phone\" id=\"phone\" type=\"text\" data-field-name=\"phone\" class=\"jet-form-builder__field text-field\" data-jfb-sync=\"null\" autocomplete=\"off_UyB2j1qb\">\n\t\t\t\t\t<\/div>\n<\/div><\/div>\n<\/div>\n\n\n<div  class=\"jet-form-builder-row field-type-textarea-field\" >\n<div class=\"jet-form-builder__label\">\r\n<div class=\"jet-form-builder__label-text\">Nachricht<\/div><\/div><div class=\"jet-form-builder__field-wrap\">\n\t\t<textarea class=\"jet-form-builder__field textarea-field\" name=\"message\" data-field-name=\"message\" id=\"message\" data-jfb-sync=\"null\"><\/textarea>\n\t<\/div>\n<\/div>\n\n\n\n\n\n\n\n\n\n<div  class=\"jet-form-builder-row field-type-checkbox-field\" >\n<div class=\"jet-form-builder__label\">\r\n<div class=\"jet-form-builder__label-text\">Privacybeleid <span class=\"jet-form-builder__required\">*<\/span><\/div><\/div><div class=\"jet-form-builder__fields-group checkradio-wrap\" data-jfb-sync><div class=\"jet-form-builder__field-wrap checkboxes-wrap checkradio-wrap\"><label class=\"jet-form-builder__field-label for-checkbox\">\n\t\t\t<input type=\"checkbox\" name=\"contact_cct_terms\" value=\"Ich stimme den Datenschutzbestimmungen und Allgemeinen Gesch\u00e4ftsbedingungen zu\" data-field-name=\"contact_cct_terms\"  class=\"jet-form-builder__field checkboxes-field checkradio-field contact-terms\" required=\"required\"><span><div class=\"terms_label\">Ich stimme den <a href=\"\/privacybeleid\"> Datenschutzbestimmungen <\/a> und <a href=\"\/algemene-voorwaarden\"> Allgemeinen Gesch\u00e4ftsbedingungen<\/a> zu<\/div><\/span><\/label><\/div><\/div>\n<\/div>\n\n<input type=\"hidden\" class=\"captcha-token\" name=\"_captcha_token\" value=\"\"\/><div  class=\"jet-form-builder-row field-type-submit-field\" >\n\t<div data-type=\"submit\" class=\"jet-form-builder__action-button-wrapper jet-form-builder__submit-wrap\">\n\t<button class=\"jet-form-builder__action-button jet-form-builder__submit submit-type-reload\" type=\"submit\">Verf\u00fcgbarkeit pr\u00fcfen<\/button>\n\t<\/div>\n\t\n<\/div>\t<div class=\"jet-form-builder-messages-wrap\" data-form-id=\"5184\"><\/div>\n<\/form>\n\t\t\t\t<\/div>\n\t\t\t\t<\/div>\n\t\t\t\t\t<\/div>\n\t\t\t\t<\/section>\n\t\t<section class=\"elementor-element elementor-element-7f9920a5 e-grid e-con-boxed e-con e-parent\" data-id=\"7f9920a5\" data-element_type=\"container\" data-e-type=\"container\" data-settings=\"{&quot;jet_parallax_layout_list&quot;:[],&quot;background_background&quot;:&quot;classic&quot;}\">\n\t\t\t\t\t<div class=\"e-con-inner\">\n\t\t\t\t<div class=\"elementor-element elementor-element-0579977 elementor-position-inline-start elementor-view-stacked animated-fast clickable-icon-box elementor-shape-circle elementor-mobile-position-block-start elementor-invisible elementor-widget elementor-widget-icon-box\" data-id=\"0579977\" data-element_type=\"widget\" data-e-type=\"widget\" data-settings=\"{&quot;_animation&quot;:&quot;fadeInUp&quot;,&quot;_animation_tablet&quot;:&quot;none&quot;}\" data-widget_type=\"icon-box.default\">\n\t\t\t\t<div class=\"elementor-widget-container\">\n\t\t\t\t\t\t\t<div class=\"elementor-icon-box-wrapper\">\n\n\t\t\t\t\t\t<div class=\"elementor-icon-box-icon\">\n\t\t\t\t<a href=\"tel:+393387508590\" target=\"_blank\" class=\"elementor-icon\" tabindex=\"-1\" aria-label=\"Telefon\">\n\t\t\t\t<svg xmlns=\"http:\/\/www.w3.org\/2000\/svg\" xmlns:xlink=\"http:\/\/www.w3.org\/1999\/xlink\" xmlns:serif=\"http:\/\/www.serif.com\/\" width=\"100%\" height=\"100%\" viewBox=\"0 0 1600 1600\" xml:space=\"preserve\" style=\"fill-rule:evenodd;clip-rule:evenodd;stroke-linejoin:round;stroke-miterlimit:2;\">  <rect id=\"_512x512\" serif:id=\"512x512\" x=\"0\" y=\"0\" width=\"1600\" height=\"1600\" style=\"fill:none;\"><\/rect>  <path id=\"phone\" d=\"M323.646,692.865c127.5,250.572 332.916,455.104 583.489,583.489l194.792,-194.792c23.906,-23.906 59.323,-31.875 90.313,-21.25c99.166,32.761 206.302,50.469 316.093,50.469c48.698,0 88.542,39.844 88.542,88.542l-0,309.01c-0,48.698 -39.844,88.542 -88.542,88.542c-831.406,-0 -1505.21,-673.802 -1505.21,-1505.21c0,-48.698 39.844,-88.542 88.542,-88.542l309.895,0c48.698,0 88.542,39.844 88.542,88.542c0,110.677 17.708,216.927 50.469,316.093c9.739,30.99 2.656,65.521 -22.136,90.313l-194.791,194.792Z\" style=\"fill-rule:nonzero;\"><\/path><\/svg>\t\t\t\t<\/a>\n\t\t\t<\/div>\n\t\t\t\n\t\t\t\t\t\t<div class=\"elementor-icon-box-content\">\n\n\t\t\t\t\t\t\t\t\t<div class=\"elementor-icon-box-title\">\n\t\t\t\t\t\t<a href=\"tel:+393387508590\" target=\"_blank\" >\n\t\t\t\t\t\t\tTelefon\t\t\t\t\t\t<\/a>\n\t\t\t\t\t<\/div>\n\t\t\t\t\n\t\t\t\t\t\t\t\t\t<p class=\"elementor-icon-box-description\">\n\t\t\t\t\t\t+39 338 750 8590\t\t\t\t\t<\/p>\n\t\t\t\t\n\t\t\t<\/div>\n\t\t\t\n\t\t<\/div>\n\t\t\t\t\t\t<\/div>\n\t\t\t\t<\/div>\n\t\t\t\t<div class=\"elementor-element elementor-element-eab8294 elementor-position-inline-start elementor-view-stacked animated-fast clickable-icon-box elementor-shape-circle elementor-mobile-position-block-start elementor-invisible elementor-widget elementor-widget-icon-box\" data-id=\"eab8294\" data-element_type=\"widget\" data-e-type=\"widget\" data-settings=\"{&quot;_animation&quot;:&quot;fadeInUp&quot;,&quot;_animation_tablet&quot;:&quot;none&quot;,&quot;_animation_delay&quot;:200}\" data-widget_type=\"icon-box.default\">\n\t\t\t\t<div class=\"elementor-widget-container\">\n\t\t\t\t\t\t\t<div class=\"elementor-icon-box-wrapper\">\n\n\t\t\t\t\t\t<div class=\"elementor-icon-box-icon\">\n\t\t\t\t<a href=\"mailto:info@bb-valle-del-fino.com\" target=\"_blank\" class=\"elementor-icon\" tabindex=\"-1\" aria-label=\"E-Mail\">\n\t\t\t\t<svg xmlns=\"http:\/\/www.w3.org\/2000\/svg\" xmlns:xlink=\"http:\/\/www.w3.org\/1999\/xlink\" xmlns:serif=\"http:\/\/www.serif.com\/\" width=\"100%\" height=\"100%\" viewBox=\"0 0 1600 1600\" xml:space=\"preserve\" style=\"fill-rule:evenodd;clip-rule:evenodd;stroke-linejoin:round;stroke-miterlimit:2;\">  <rect id=\"_512x512\" serif:id=\"512x512\" x=\"0\" y=\"0\" width=\"1600\" height=\"1600\" style=\"fill:none;\"><\/rect>  <path id=\"letter\" d=\"M1437.5,162.5l-1275,0c-87.656,0 -158.578,71.719 -158.578,159.375l-0.797,956.25c0,87.656 71.719,159.375 159.375,159.375l1275,0c87.656,0 159.375,-71.719 159.375,-159.375l0,-956.25c0,-87.656 -71.719,-159.375 -159.375,-159.375Zm0,318.75l-637.5,398.438l-637.5,-398.438l0,-159.375l637.5,398.438l637.5,-398.438l0,159.375Z\" style=\"fill-rule:nonzero;\"><\/path><\/svg>\t\t\t\t<\/a>\n\t\t\t<\/div>\n\t\t\t\n\t\t\t\t\t\t<div class=\"elementor-icon-box-content\">\n\n\t\t\t\t\t\t\t\t\t<div class=\"elementor-icon-box-title\">\n\t\t\t\t\t\t<a href=\"mailto:info@bb-valle-del-fino.com\" target=\"_blank\" >\n\t\t\t\t\t\t\tE-Mail\t\t\t\t\t\t<\/a>\n\t\t\t\t\t<\/div>\n\t\t\t\t\n\t\t\t\t\t\t\t\t\t<p class=\"elementor-icon-box-description\">\n\t\t\t\t\t\tinfo@bb-valle-del-fino.com\t\t\t\t\t<\/p>\n\t\t\t\t\n\t\t\t<\/div>\n\t\t\t\n\t\t<\/div>\n\t\t\t\t\t\t<\/div>\n\t\t\t\t<\/div>\n\t\t\t\t<div class=\"elementor-element elementor-element-bd908a1 elementor-position-inline-start elementor-view-stacked animated-fast clickable-icon-box elementor-shape-circle elementor-mobile-position-block-start elementor-invisible elementor-widget elementor-widget-icon-box\" data-id=\"bd908a1\" data-element_type=\"widget\" data-e-type=\"widget\" data-settings=\"{&quot;_animation&quot;:&quot;fadeInUp&quot;,&quot;_animation_tablet&quot;:&quot;none&quot;,&quot;_animation_delay&quot;:400}\" data-widget_type=\"icon-box.default\">\n\t\t\t\t<div class=\"elementor-widget-container\">\n\t\t\t\t\t\t\t<div class=\"elementor-icon-box-wrapper\">\n\n\t\t\t\t\t\t<div class=\"elementor-icon-box-icon\">\n\t\t\t\t<a href=\"https:\/\/maps.app.goo.gl\/v5B1yy4FDkapk9Jw8\" target=\"_blank\" class=\"elementor-icon\" tabindex=\"-1\" aria-label=\"Adresse\" rel=\"noopener\">\n\t\t\t\t<svg xmlns=\"http:\/\/www.w3.org\/2000\/svg\" xmlns:xlink=\"http:\/\/www.w3.org\/1999\/xlink\" xmlns:serif=\"http:\/\/www.serif.com\/\" width=\"100%\" height=\"100%\" viewBox=\"0 0 1600 1600\" xml:space=\"preserve\" style=\"fill-rule:evenodd;clip-rule:evenodd;stroke-linejoin:round;stroke-miterlimit:2;\"><rect id=\"_512x512\" serif:id=\"512x512\" x=\"0\" y=\"0\" width=\"1600\" height=\"1600\" style=\"fill:none;\"><\/rect><path id=\"map\" d=\"M1551.88,98.97c-28.599,-21.725 -64.784,-28.729 -99.286,-19.195l-370.1,100.712c-17.704,4.864 -37.159,4.864 -55.057,0l-438.2,-119.518c-13.554,-3.632 -27.496,-5.448 -41.44,-5.707c-0.972,-0.065 -1.88,-0.259 -2.853,-0.259c-1.167,-0 -2.205,0.194 -3.372,0.324c-13.748,0.259 -27.496,2.01 -40.92,5.642l-413.414,112.839c-49.481,13.424 -84.11,58.755 -84.11,110.31l0,1126.12c0,35.928 16.407,69 44.941,90.791c28.534,21.725 64.784,28.729 99.35,19.195l369.835,-100.712c18.159,-4.864 37.353,-4.799 55.187,-0l438.2,119.518c13.683,3.697 27.886,5.577 42.088,5.707c0.778,0.065 1.492,0.259 2.27,0.259c0.778,0 1.492,-0.194 2.205,-0.194c14.332,-0.195 28.468,-2.01 42.022,-5.772l413.347,-112.839c49.611,-13.424 84.24,-58.82 84.24,-110.31l0.065,-1126.12c0,-35.928 -16.407,-69 -45.005,-90.791l0.007,-0Zm-962.695,1259c-4.085,-1.103 -8.301,-1.686 -12.451,-2.465l0,-1231.82l433.983,118.416c4.086,1.103 8.301,1.686 12.451,2.465l0,1231.82l-433.983,-118.416Z\" style=\"fill-rule:nonzero;\"><\/path><\/svg>\t\t\t\t<\/a>\n\t\t\t<\/div>\n\t\t\t\n\t\t\t\t\t\t<div class=\"elementor-icon-box-content\">\n\n\t\t\t\t\t\t\t\t\t<div class=\"elementor-icon-box-title\">\n\t\t\t\t\t\t<a href=\"https:\/\/maps.app.goo.gl\/v5B1yy4FDkapk9Jw8\" target=\"_blank\" rel=\"noopener\">\n\t\t\t\t\t\t\tAdresse\t\t\t\t\t\t<\/a>\n\t\t\t\t\t<\/div>\n\t\t\t\t\n\t\t\t\t\t\t\t\t\t<p class=\"elementor-icon-box-description\">\n\t\t\t\t\t\tContrada Coniera, 10<br \/>\r\n64031 Arsita TE, Italy\t\t\t\t\t<\/p>\n\t\t\t\t\n\t\t\t<\/div>\n\t\t\t\n\t\t<\/div>\n\t\t\t\t\t\t<\/div>\n\t\t\t\t<\/div>\n\t\t\t\t\t<\/div>\n\t\t\t\t<\/section>\n\t\t\t\t<\/div>\n\t\t","protected":false},"excerpt":{"rendered":"<p>Ihr Traumaufenthalt in Italien erwartet Sie Wir hei\u00dfen Sie herzlich in unserem B&amp;B willkommen.F\u00fcllen Sie das Formular aus und buchen Sie Ihren Aufenthalt in den wundersch\u00f6nen Abruzzen. Ankunft Abfahrt Anzahl Personen 12345678910 Vorname Nachname E-Mail * Telefon Nachricht Privacybeleid * Ich stimme den Datenschutzbestimmungen und Allgemeinen Gesch\u00e4ftsbedingungen zu Verf\u00fcgbarkeit pr\u00fcfen Telefon E-Mail Adresse<\/p>\n","protected":false},"author":3,"featured_media":5197,"parent":0,"menu_order":0,"comment_status":"closed","ping_status":"closed","template":"","meta":{"footnotes":""},"class_list":["post-5217","page","type-page","status-publish","has-post-thumbnail","hentry"],"_links":{"self":[{"href":"https:\/\/bb-valle-del-fino.com\/de\/wp-json\/wp\/v2\/pages\/5217","targetHints":{"allow":["GET"]}}],"collection":[{"href":"https:\/\/bb-valle-del-fino.com\/de\/wp-json\/wp\/v2\/pages"}],"about":[{"href":"https:\/\/bb-valle-del-fino.com\/de\/wp-json\/wp\/v2\/types\/page"}],"author":[{"embeddable":true,"href":"https:\/\/bb-valle-del-fino.com\/de\/wp-json\/wp\/v2\/users\/3"}],"replies":[{"embeddable":true,"href":"https:\/\/bb-valle-del-fino.com\/de\/wp-json\/wp\/v2\/comments?post=5217"}],"version-history":[{"count":15,"href":"https:\/\/bb-valle-del-fino.com\/de\/wp-json\/wp\/v2\/pages\/5217\/revisions"}],"predecessor-version":[{"id":5555,"href":"https:\/\/bb-valle-del-fino.com\/de\/wp-json\/wp\/v2\/pages\/5217\/revisions\/5555"}],"wp:featuredmedia":[{"embeddable":true,"href":"https:\/\/bb-valle-del-fino.com\/de\/wp-json\/wp\/v2\/media\/5197"}],"wp:attachment":[{"href":"https:\/\/bb-valle-del-fino.com\/de\/wp-json\/wp\/v2\/media?parent=5217"}],"curies":[{"name":"wp","href":"https:\/\/api.w.org\/{rel}","templated":true}]}}